{"id":21249657,"date":"2025-07-03T20:44:29","date_gmt":"2025-07-03T18:44:29","guid":{"rendered":"https:\/\/aimsport.cz\/zahranici\/"},"modified":"2026-01-11T11:38:34","modified_gmt":"2026-01-11T10:38:34","slug":"extranjero","status":"publish","type":"page","link":"https:\/\/aimsport.cz\/es\/extranjero\/","title":{"rendered":"Extranjero"},"content":{"rendered":"<p>[et_pb_section fb_built=\u00bb1&#8243; disabled_on=\u00bboff|off|off\u00bb admin_label=\u00bbHero\u00bb module_class=\u00bbhlavickaimg\u00bb _builder_version=\u00bb4.27.4&#8243; background_enable_color=\u00bboff\u00bb background_image=\u00bbhttps:\/\/aimsport.cz\/wp-content\/uploads\/2025\/10\/registrace-zahranici.jpg\u00bb background_position=\u00bbtop_center\u00bb background_enable_video_mp4=\u00bboff\u00bb background_enable_video_webm=\u00bboff\u00bb width=\u00bb3600px\u00bb max_width=\u00bb100%\u00bb module_alignment=\u00bbcenter\u00bb min_height_tablet=\u00bb\u00bb min_height_phone=\u00bb650px\u00bb min_height_last_edited=\u00bbon|phone\u00bb height=\u00bb80vh\u00bb height_tablet=\u00bb110vh\u00bb height_phone=\u00bb\u00bb height_last_edited=\u00bbon|phone\u00bb custom_margin=\u00bb|||\u00bb custom_padding=\u00bb30vh||0px||false|false\u00bb bottom_divider_color=\u00bb#ffffff\u00bb bottom_divider_height=\u00bb75px\u00bb bottom_divider_flip=\u00bbvertical\u00bb animation_direction=\u00bbtop\u00bb background_last_edited=\u00bbon|phone\u00bb background_image_tablet=\u00bbhttps:\/\/aimsport.cz\/wp-content\/uploads\/2025\/10\/registrace-zahranici-mobil.jpg\u00bb background_image_phone=\u00bbhttps:\/\/aimsport.cz\/wp-content\/uploads\/2025\/10\/registrace-zahranici-mobil.jpg\u00bb background_enable_image_tablet=\u00bbon\u00bb background_enable_image_phone=\u00bbon\u00bb background_position_phone=\u00bbtop_center\u00bb background_enable_video_mp4_tablet=\u00bboff\u00bb background_enable_video_webm_phone=\u00bboff\u00bb custom_css_before=\u00bbcontent:%22%22;||    display: block;||    position: absolute;||    top: 0;||    left: 0;||    width: 100%;||    height: 100%;||    z-index: 9;\u00bb locked=\u00bboff\u00bb global_colors_info=\u00bb{}\u00bb][et_pb_row column_structure=\u00bb1_2,1_2&#8243; use_custom_gutter=\u00bbon\u00bb _builder_version=\u00bb4.27.4&#8243; _module_preset=\u00bbdefault\u00bb positioning=\u00bbabsolute\u00bb position_origin_a=\u00bbcenter_center\u00bb z_index=\u00bb500&#8243; width=\u00bb90%\u00bb max_width=\u00bb1400px\u00bb custom_margin=\u00bb5vh|auto||auto|false|false\u00bb custom_margin_tablet=\u00bb0vh||||false|false\u00bb custom_margin_phone=\u00bb12vh||||false|false\u00bb custom_margin_last_edited=\u00bbon|phone\u00bb global_colors_info=\u00bb{}\u00bb][et_pb_column type=\u00bb1_2&#8243; _builder_version=\u00bb4.16&#8243; _module_preset=\u00bbdefault\u00bb global_colors_info=\u00bb{}\u00bb][et_pb_text _builder_version=\u00bb4.27.4&#8243; _module_preset=\u00bbdefault\u00bb text_font=\u00bbPoppins||||||||\u00bb text_text_color=\u00bb#192c4b\u00bb text_line_height=\u00bb1.5em\u00bb header_font=\u00bbPoppins|700||on|||||\u00bb header_text_align=\u00bbleft\u00bb header_text_color=\u00bb#044dc3&#8243; header_font_size=\u00bb40px\u00bb header_line_height=\u00bb1.4em\u00bb background_color=\u00bbrgba(255,255,255,0.82)\u00bb module_alignment=\u00bbcenter\u00bb custom_margin=\u00bb20px||0px||false|false\u00bb custom_margin_tablet=\u00bb0px||||false|false\u00bb custom_margin_phone=\u00bb-30px||0px||false|false\u00bb custom_margin_last_edited=\u00bbon|tablet\u00bb custom_padding=\u00bb40px|50px|60px|50px|false|false\u00bb custom_padding_tablet=\u00bb40px|50px|60px|50px|false|false\u00bb custom_padding_phone=\u00bb30px|20px|50px|20px|false|false\u00bb custom_padding_last_edited=\u00bbon|phone\u00bb hover_enabled=\u00bb0&#8243; text_font_size_tablet=\u00bb14px\u00bb text_font_size_phone=\u00bb13px\u00bb text_font_size_last_edited=\u00bbon|phone\u00bb header_text_align_tablet=\u00bbcenter\u00bb header_text_align_phone=\u00bbcenter\u00bb header_text_align_last_edited=\u00bbon|phone\u00bb header_font_size_tablet=\u00bb32px\u00bb header_font_size_phone=\u00bb28px\u00bb header_font_size_last_edited=\u00bbon|tablet\u00bb text_orientation_tablet=\u00bbcenter\u00bb text_orientation_phone=\u00bbcenter\u00bb text_orientation_last_edited=\u00bbon|tablet\u00bb text_text_shadow_style=\u00bbpreset2&#8243; text_text_shadow_color=\u00bbRGBA(255,255,255,0)\u00bb global_colors_info=\u00bb{}\u00bb sticky_enabled=\u00bb0&#8243;]<span style=\"font-size: 15px; font-weight: 600; color: #192c4b;\">\u00bfTe veremos en Mallorca o en los Dolomitas?<br \/>\n<\/span><\/p>\n<h1 style=\"margin-top: -10px;\">Quiero iniciar sesi\u00f3n<br \/>\n<\/h1>\n<p><span style=\"font-weight: 400;\">Campamentos AIM m\u00e1s all\u00e1 de las fronteras checas: una gran variedad de actividades deportivas combinadas con experiencias inolvidables en el extranjero. Los ni\u00f1os ir\u00e1n ahora a la soleada Mallorca con los Campamentos AIM, donde probar\u00e1n voleibol de playa, tenis, p\u00e1del o nataci\u00f3n. Pero primero, podr\u00e1n vivir un invierno m\u00e1gico en los Dolomitas italianos, donde perfeccionar\u00e1n principalmente sus habilidades de esqu\u00ed, pero tambi\u00e9n podr\u00e1n montar en motos de nieve o trineos. No encontrar\u00e1s oportunidades como estas en ning\u00fan otro lugar que no sea el Campamento AIM.<br \/>\n<\/span>[\/et_pb_text][et_pb_button button_url=\u00bb#aim\u00bb button_text=\u00bbIr a la aplicaci\u00f3n\u00bb button_alignment=\u00bbleft\u00bb button_alignment_tablet=\u00bbcenter\u00bb button_alignment_phone=\u00bbcenter\u00bb button_alignment_last_edited=\u00bbon|phone\u00bb disabled_on=\u00bbon|on|off\u00bb _builder_version=\u00bb4.27.4&#8243; _module_preset=\u00bbdefault\u00bb custom_button=\u00bbon\u00bb button_text_size=\u00bb16px\u00bb button_text_color=\u00bb#ffffff\u00bb button_bg_use_color_gradient=\u00bbon\u00bb button_bg_color_gradient_stops=\u00bb#00acde 44%|#08c7ff 100%\u00bb button_border_width=\u00bb0px\u00bb button_border_color=\u00bb#4792f8&#8243; button_font=\u00bbPoppins|600|on|on|||||\u00bb button_use_icon=\u00bboff\u00bb custom_margin=\u00bb-30px|||50px|false|false\u00bb custom_margin_tablet=\u00bb0%||||false|false\u00bb custom_margin_phone=\u00bb\u00bb custom_margin_last_edited=\u00bbon|phone\u00bb custom_padding=\u00bb15px|25px|15px|25px|false|false\u00bb hover_enabled=\u00bb0&#8243; button_bg_color_last_edited=\u00bboff|desktop\u00bb global_colors_info=\u00bb{}\u00bb button_bg_color__hover_enabled=\u00bbon|hover\u00bb button_bg_color__hover=\u00bb\u00bb button_bg_enable_color__hover=\u00bboff\u00bb button_text_color__hover_enabled=\u00bbon|hover\u00bb button_text_color__hover=\u00bb#FFFFFF\u00bb transform_styles__hover_enabled=\u00bbon|hover\u00bb transform_scale__hover_enabled=\u00bbon|hover\u00bb transform_translate__hover_enabled=\u00bbon|desktop\u00bb transform_rotate__hover_enabled=\u00bbon|desktop\u00bb transform_skew__hover_enabled=\u00bbon|desktop\u00bb transform_origin__hover_enabled=\u00bbon|desktop\u00bb button_border_color__hover_enabled=\u00bbon|hover\u00bb button_border_color__hover=\u00bb#0069e1&#8243; button_bg_use_color_gradient__hover=\u00bbon\u00bb button_bg_color_gradient_stops__hover=\u00bb#08c7ff 1%|#08c7ff 100%\u00bb sticky_enabled=\u00bb0&#8243;][\/et_pb_button][et_pb_button button_url=\u00bb#aim\u00bb button_text=\u00bbIr a la aplicaci\u00f3n\u00bb button_alignment=\u00bbcenter\u00bb button_alignment_tablet=\u00bbcenter\u00bb button_alignment_phone=\u00bbcenter\u00bb button_alignment_last_edited=\u00bbon|phone\u00bb disabled_on=\u00bboff|off|on\u00bb _builder_version=\u00bb4.27.4&#8243; _module_preset=\u00bbdefault\u00bb custom_button=\u00bbon\u00bb button_text_size=\u00bb16px\u00bb button_text_color=\u00bb#ffffff\u00bb button_bg_use_color_gradient=\u00bbon\u00bb button_bg_color_gradient_stops=\u00bb#00acde 44%|#08c7ff 100%\u00bb button_border_width=\u00bb0px\u00bb button_border_color=\u00bb#4792f8&#8243; button_font=\u00bbPoppins|600|on|on|||||\u00bb button_use_icon=\u00bboff\u00bb custom_margin=\u00bb0.5%||||false|false\u00bb custom_margin_tablet=\u00bb-50px||||false|false\u00bb custom_margin_phone=\u00bb-50px||||false|false\u00bb custom_margin_last_edited=\u00bbon|tablet\u00bb custom_padding=\u00bb15px|25px|15px|25px|false|false\u00bb hover_enabled=\u00bb0&#8243; button_bg_color_last_edited=\u00bboff|desktop\u00bb global_colors_info=\u00bb{}\u00bb button_bg_color__hover_enabled=\u00bbon|hover\u00bb button_bg_color__hover=\u00bb\u00bb button_bg_enable_color__hover=\u00bboff\u00bb button_text_color__hover_enabled=\u00bbon|hover\u00bb button_text_color__hover=\u00bb#FFFFFF\u00bb transform_styles__hover_enabled=\u00bbon|hover\u00bb transform_scale__hover_enabled=\u00bbon|hover\u00bb transform_translate__hover_enabled=\u00bbon|desktop\u00bb transform_rotate__hover_enabled=\u00bbon|desktop\u00bb transform_skew__hover_enabled=\u00bbon|desktop\u00bb transform_origin__hover_enabled=\u00bbon|desktop\u00bb button_border_color__hover_enabled=\u00bbon|hover\u00bb button_border_color__hover=\u00bb#0069e1&#8243; button_bg_use_color_gradient__hover=\u00bbon\u00bb button_bg_color_gradient_stops__hover=\u00bb#08c7ff 1%|#08c7ff 100%\u00bb sticky_enabled=\u00bb0&#8243;][\/et_pb_button][\/et_pb_column][et_pb_column type=\u00bb1_2&#8243; _builder_version=\u00bb4.27.4&#8243; _module_preset=\u00bbdefault\u00bb global_colors_info=\u00bb{}\u00bb][\/et_pb_column][\/et_pb_row][\/et_pb_section][et_pb_section fb_built=\u00bb1&#8243; module_id=\u00bbaim\u00bb _builder_version=\u00bb4.21.2&#8243; _module_preset=\u00bbdefault\u00bb custom_margin=\u00bb2px|||||\u00bb custom_margin_tablet=\u00bb2px||||false|false\u00bb custom_margin_phone=\u00bb-50px||||false|false\u00bb custom_margin_last_edited=\u00bbon|tablet\u00bb custom_padding=\u00bb0px||75px|||\u00bb global_colors_info=\u00bb{}\u00bb][et_pb_row admin_label=\u00bbProject 01&#8243; _builder_version=\u00bb4.27.0&#8243; background_size=\u00bbinitial\u00bb background_position=\u00bbtop_left\u00bb background_repeat=\u00bbrepeat\u00bb width=\u00bb95%\u00bb max_width=\u00bb1080px\u00bb module_alignment=\u00bbcenter\u00bb custom_margin=\u00bb20px|auto|10px|auto|false|false\u00bb custom_margin_tablet=\u00bb\u00bb custom_margin_phone=\u00bb135px||||false|false\u00bb custom_margin_last_edited=\u00bbon|phone\u00bb custom_padding=\u00bb3px||0px|||\u00bb animation_direction=\u00bbtop\u00bb global_colors_info=\u00bb{}\u00bb][et_pb_column type=\u00bb4_4&#8243; _builder_version=\u00bb4.16&#8243; custom_padding=\u00bb||||false|false\u00bb global_colors_info=\u00bb{}\u00bb custom_padding__hover=\u00bb|||\u00bb][et_pb_text admin_label=\u00bbTitle\u00bb _builder_version=\u00bb4.27.4&#8243; text_font=\u00bb||||||||\u00bb header_font=\u00bb||||||||\u00bb header_2_font=\u00bbPoppins|800|||||||\u00bb header_2_text_align=\u00bbcenter\u00bb header_2_text_color=\u00bb#192c4b\u00bb header_2_font_size=\u00bb40px\u00bb header_2_line_height=\u00bb1.3em\u00bb custom_margin=\u00bb53px||3px||false|false\u00bb custom_margin_tablet=\u00bb||||false|false\u00bb custom_margin_phone=\u00bb0px||||false|false\u00bb custom_margin_last_edited=\u00bbon|tablet\u00bb custom_padding=\u00bb||||false|false\u00bb animation_direction=\u00bbright\u00bb hover_enabled=\u00bb0&#8243; header_2_font_size_tablet=\u00bb40px\u00bb header_2_font_size_phone=\u00bb30px\u00bb header_2_font_size_last_edited=\u00bbon|phone\u00bb global_colors_info=\u00bb{}\u00bb sticky_enabled=\u00bb0&#8243;]<\/p>\n<h2>Formulario de inscripci\u00f3n<br \/>&#8211; Campings AIM en Mallorca y Dolomitas<\/h2>\n<p>[\/et_pb_text][\/et_pb_column][\/et_pb_row][et_pb_row disabled_on=\u00bboff|off|off\u00bb _builder_version=\u00bb4.27.4&#8243; _module_preset=\u00bbdefault\u00bb width=\u00bb95%\u00bb max_width=\u00bb1080px\u00bb custom_padding=\u00bb0px||40px||false|\u00bb locked=\u00bboff\u00bb global_colors_info=\u00bb{}\u00bb][et_pb_column type=\u00bb4_4&#8243; _builder_version=\u00bb4.16&#8243; _module_preset=\u00bbdefault\u00bb global_colors_info=\u00bb{}\u00bb][et_pb_code disabled_on=\u00bboff|off|off\u00bb _builder_version=\u00bb4.27.4&#8243; _module_preset=\u00bbdefault\u00bb custom_margin=\u00bb20px||||false|false\u00bb global_colors_info=\u00bb{}\u00bb]<iframe id=\"application-iframe-04adf522-907a-4b58-a8f1-acee084d4d68\" width=\"100%\" height=\"800\" border=\"0\" style=\"border: none;\"><\/iframe><script><!-- [et_pb_line_break_holder] -->const iframe = document.getElementById('application-iframe-04adf522-907a-4b58-a8f1-acee084d4d68');<!-- [et_pb_line_break_holder] -->const baseUrl = \"https:\/\/prihlaskovysystem.cz\/index.php\";<!-- [et_pb_line_break_holder] -->const params = new URLSearchParams({<!-- [et_pb_line_break_holder] -->r: \"site\/application\",<!-- [et_pb_line_break_holder] -->project: \"aim-kempy-v-zahranici\",<!-- [et_pb_line_break_holder] -->source: \"iframe\",<!-- [et_pb_line_break_holder] -->referer: window.location.href,<!-- [et_pb_line_break_holder] -->view_name: \"application\"<!-- [et_pb_line_break_holder] -->});<!-- [et_pb_line_break_holder] -->iframe.src = `${baseUrl}?${params.toString()}`;<!-- [et_pb_line_break_holder] -->window.addEventListener('message', function (t) {<!-- [et_pb_line_break_holder] -->if (t.origin !== 'https:\/\/prihlaskovysystem.cz') return;<!-- [et_pb_line_break_holder] -->if (typeof t.data !== 'object') return;<!-- [et_pb_line_break_holder] -->const e = document.getElementById('application-iframe-04adf522-907a-4b58-a8f1-acee084d4d68');<!-- [et_pb_line_break_holder] -->if (t.data.type === 'resize') {<!-- [et_pb_line_break_holder] -->e.setAttribute('width', t.data.width);<!-- [et_pb_line_break_holder] -->e.setAttribute('height', t.data.height);<!-- [et_pb_line_break_holder] -->}<!-- [et_pb_line_break_holder] -->if (t.data.type === 'page-scroll-top') {<!-- [et_pb_line_break_holder] -->e.scrollIntoView({ behavior: 'smooth', block: 'start' });<!-- [et_pb_line_break_holder] -->}<!-- [et_pb_line_break_holder] -->});<\/script>[\/et_pb_code][\/et_pb_column][\/et_pb_row][\/et_pb_section]<\/p>\n","protected":false},"excerpt":{"rendered":"<p>\u00bfTe veremos en Mallorca o en los Dolomitas? Quiero iniciar sesi\u00f3n Campamentos AIM m\u00e1s all\u00e1 de las fronteras checas: una gran variedad de actividades deportivas combinadas con experiencias inolvidables en el extranjero. Los ni\u00f1os ir\u00e1n ahora a la soleada Mallorca con los Campamentos AIM, donde probar\u00e1n voleibol de playa, tenis, p\u00e1del o nataci\u00f3n. Pero primero, [&hellip;]<\/p>\n","protected":false},"author":1,"featured_media":0,"parent":0,"menu_order":0,"comment_status":"closed","ping_status":"closed","template":"","meta":{"_et_pb_use_builder":"on","_et_pb_old_content":"","_et_gb_content_width":"","inline_featured_image":false,"_joinchat":[],"footnotes":""},"dipi_cpt_category":[],"class_list":["post-21249657","page","type-page","status-publish","hentry"],"yoast_head":"<!-- This site is optimized with the Yoast SEO plugin v26.4 - https:\/\/yoast.com\/wordpress\/plugins\/seo\/ -->\n<title>Extranjero - AIMSPORT.cz<\/title>\n<meta name=\"robots\" content=\"index, follow, max-snippet:-1, max-image-preview:large, max-video-preview:-1\" \/>\n<link rel=\"canonical\" href=\"https:\/\/aimsport.cz\/es\/extranjero\/\" \/>\n<meta property=\"og:locale\" content=\"es_ES\" \/>\n<meta property=\"og:type\" content=\"article\" \/>\n<meta property=\"og:title\" content=\"Extranjero - AIMSPORT.cz\" \/>\n<meta property=\"og:description\" content=\"\u00bfTe veremos en Mallorca o en los Dolomitas? Quiero iniciar sesi\u00f3n Campamentos AIM m\u00e1s all\u00e1 de las fronteras checas: una gran variedad de actividades deportivas combinadas con experiencias inolvidables en el extranjero. Los ni\u00f1os ir\u00e1n ahora a la soleada Mallorca con los Campamentos AIM, donde probar\u00e1n voleibol de playa, tenis, p\u00e1del o nataci\u00f3n. Pero primero, [&hellip;]\" \/>\n<meta property=\"og:url\" content=\"https:\/\/aimsport.cz\/es\/extranjero\/\" \/>\n<meta property=\"og:site_name\" content=\"AIMSPORT.cz\" \/>\n<meta property=\"article:modified_time\" content=\"2026-01-11T10:38:34+00:00\" \/>\n<meta name=\"twitter:card\" content=\"summary_large_image\" \/>\n<meta name=\"twitter:label1\" content=\"Tiempo de lectura\" \/>\n\t<meta name=\"twitter:data1\" content=\"5 minutos\" \/>\n<script type=\"application\/ld+json\" class=\"yoast-schema-graph\">{\"@context\":\"https:\/\/schema.org\",\"@graph\":[{\"@type\":\"WebPage\",\"@id\":\"https:\/\/aimsport.cz\/es\/extranjero\/\",\"url\":\"https:\/\/aimsport.cz\/es\/extranjero\/\",\"name\":\"Extranjero - AIMSPORT.cz\",\"isPartOf\":{\"@id\":\"https:\/\/aimsport.cz\/es\/#website\"},\"datePublished\":\"2025-07-03T18:44:29+00:00\",\"dateModified\":\"2026-01-11T10:38:34+00:00\",\"breadcrumb\":{\"@id\":\"https:\/\/aimsport.cz\/es\/extranjero\/#breadcrumb\"},\"inLanguage\":\"es\",\"potentialAction\":[{\"@type\":\"ReadAction\",\"target\":[\"https:\/\/aimsport.cz\/es\/extranjero\/\"]}]},{\"@type\":\"BreadcrumbList\",\"@id\":\"https:\/\/aimsport.cz\/es\/extranjero\/#breadcrumb\",\"itemListElement\":[{\"@type\":\"ListItem\",\"position\":1,\"name\":\"Dom\u016f\",\"item\":\"https:\/\/aimsport.cz\/es\/\"},{\"@type\":\"ListItem\",\"position\":2,\"name\":\"Extranjero\"}]},{\"@type\":\"WebSite\",\"@id\":\"https:\/\/aimsport.cz\/es\/#website\",\"url\":\"https:\/\/aimsport.cz\/es\/\",\"name\":\"AIMSPORT.cz\",\"description\":\"Sportovn\u00ed kemp pro Va\u0161e d\u011bti\",\"potentialAction\":[{\"@type\":\"SearchAction\",\"target\":{\"@type\":\"EntryPoint\",\"urlTemplate\":\"https:\/\/aimsport.cz\/es\/?s={search_term_string}\"},\"query-input\":{\"@type\":\"PropertyValueSpecification\",\"valueRequired\":true,\"valueName\":\"search_term_string\"}}],\"inLanguage\":\"es\"}]}<\/script>\n<!-- \/ Yoast SEO plugin. -->","yoast_head_json":{"title":"Extranjero - AIMSPORT.cz","robots":{"index":"index","follow":"follow","max-snippet":"max-snippet:-1","max-image-preview":"max-image-preview:large","max-video-preview":"max-video-preview:-1"},"canonical":"https:\/\/aimsport.cz\/es\/extranjero\/","og_locale":"es_ES","og_type":"article","og_title":"Extranjero - AIMSPORT.cz","og_description":"\u00bfTe veremos en Mallorca o en los Dolomitas? Quiero iniciar sesi\u00f3n Campamentos AIM m\u00e1s all\u00e1 de las fronteras checas: una gran variedad de actividades deportivas combinadas con experiencias inolvidables en el extranjero. Los ni\u00f1os ir\u00e1n ahora a la soleada Mallorca con los Campamentos AIM, donde probar\u00e1n voleibol de playa, tenis, p\u00e1del o nataci\u00f3n. Pero primero, [&hellip;]","og_url":"https:\/\/aimsport.cz\/es\/extranjero\/","og_site_name":"AIMSPORT.cz","article_modified_time":"2026-01-11T10:38:34+00:00","twitter_card":"summary_large_image","twitter_misc":{"Tiempo de lectura":"5 minutos"},"schema":{"@context":"https:\/\/schema.org","@graph":[{"@type":"WebPage","@id":"https:\/\/aimsport.cz\/es\/extranjero\/","url":"https:\/\/aimsport.cz\/es\/extranjero\/","name":"Extranjero - AIMSPORT.cz","isPartOf":{"@id":"https:\/\/aimsport.cz\/es\/#website"},"datePublished":"2025-07-03T18:44:29+00:00","dateModified":"2026-01-11T10:38:34+00:00","breadcrumb":{"@id":"https:\/\/aimsport.cz\/es\/extranjero\/#breadcrumb"},"inLanguage":"es","potentialAction":[{"@type":"ReadAction","target":["https:\/\/aimsport.cz\/es\/extranjero\/"]}]},{"@type":"BreadcrumbList","@id":"https:\/\/aimsport.cz\/es\/extranjero\/#breadcrumb","itemListElement":[{"@type":"ListItem","position":1,"name":"Dom\u016f","item":"https:\/\/aimsport.cz\/es\/"},{"@type":"ListItem","position":2,"name":"Extranjero"}]},{"@type":"WebSite","@id":"https:\/\/aimsport.cz\/es\/#website","url":"https:\/\/aimsport.cz\/es\/","name":"AIMSPORT.cz","description":"Sportovn\u00ed kemp pro Va\u0161e d\u011bti","potentialAction":[{"@type":"SearchAction","target":{"@type":"EntryPoint","urlTemplate":"https:\/\/aimsport.cz\/es\/?s={search_term_string}"},"query-input":{"@type":"PropertyValueSpecification","valueRequired":true,"valueName":"search_term_string"}}],"inLanguage":"es"}]}},"_links":{"self":[{"href":"https:\/\/aimsport.cz\/es\/wp-json\/wp\/v2\/pages\/21249657","targetHints":{"allow":["GET"]}}],"collection":[{"href":"https:\/\/aimsport.cz\/es\/wp-json\/wp\/v2\/pages"}],"about":[{"href":"https:\/\/aimsport.cz\/es\/wp-json\/wp\/v2\/types\/page"}],"author":[{"embeddable":true,"href":"https:\/\/aimsport.cz\/es\/wp-json\/wp\/v2\/users\/1"}],"replies":[{"embeddable":true,"href":"https:\/\/aimsport.cz\/es\/wp-json\/wp\/v2\/comments?post=21249657"}],"version-history":[{"count":2,"href":"https:\/\/aimsport.cz\/es\/wp-json\/wp\/v2\/pages\/21249657\/revisions"}],"predecessor-version":[{"id":21249664,"href":"https:\/\/aimsport.cz\/es\/wp-json\/wp\/v2\/pages\/21249657\/revisions\/21249664"}],"wp:attachment":[{"href":"https:\/\/aimsport.cz\/es\/wp-json\/wp\/v2\/media?parent=21249657"}],"wp:term":[{"taxonomy":"dipi_cpt_category","embeddable":true,"href":"https:\/\/aimsport.cz\/es\/wp-json\/wp\/v2\/dipi_cpt_category?post=21249657"}],"curies":[{"name":"wp","href":"https:\/\/api.w.org\/{rel}","templated":true}]}}