{"id":21248845,"date":"2021-04-19T16:33:21","date_gmt":"2021-04-19T14:33:21","guid":{"rendered":"https:\/\/aimsport.cz\/registrace\/"},"modified":"2025-11-21T19:11:40","modified_gmt":"2025-11-21T18:11:40","slug":"registration","status":"publish","type":"page","link":"https:\/\/aimsport.cz\/en\/registration\/","title":{"rendered":"Registration"},"content":{"rendered":"<p>[et_pb_section fb_built=&#8221;1&#8243; disabled_on=&#8221;off|off|off&#8221; admin_label=&#8221;Hero&#8221; module_class=&#8221;hlavickaimg&#8221; _builder_version=&#8221;4.27.4&#8243; background_enable_color=&#8221;off&#8221; background_image=&#8221;https:\/\/aimsport.cz\/wp-content\/uploads\/2025\/10\/registrace-desktop.jpg&#8221; background_position=&#8221;top_center&#8221; background_enable_video_mp4=&#8221;off&#8221; background_enable_video_webm=&#8221;off&#8221; width=&#8221;3600px&#8221; max_width=&#8221;100%&#8221; module_alignment=&#8221;center&#8221; min_height_tablet=&#8221;&#8221; min_height_phone=&#8221;650px&#8221; min_height_last_edited=&#8221;on|phone&#8221; height=&#8221;80vh&#8221; height_tablet=&#8221;110vh&#8221; height_phone=&#8221;&#8221; height_last_edited=&#8221;on|phone&#8221; custom_margin=&#8221;|||&#8221; custom_padding=&#8221;30vh||0px||false|false&#8221; bottom_divider_color=&#8221;#ffffff&#8221; bottom_divider_height=&#8221;75px&#8221; bottom_divider_flip=&#8221;vertical&#8221; animation_direction=&#8221;top&#8221; background_last_edited=&#8221;on|phone&#8221; background_image_tablet=&#8221;https:\/\/aimsport.cz\/wp-content\/uploads\/2025\/10\/registrace-mobil.jpg&#8221; background_image_phone=&#8221;https:\/\/aimsport.cz\/wp-content\/uploads\/2025\/10\/registrace-mobil.jpg&#8221; background_enable_image_tablet=&#8221;on&#8221; background_enable_image_phone=&#8221;on&#8221; background_position_phone=&#8221;top_center&#8221; background_enable_video_mp4_tablet=&#8221;off&#8221; background_enable_video_webm_phone=&#8221;off&#8221; custom_css_before=&#8221;content:%22%22;||    display: block;||    position: absolute;||    top: 0;||    left: 0;||    width: 100%;||    height: 100%;||    z-index: 9;&#8221; locked=&#8221;off&#8221; global_colors_info=&#8221;{}&#8221;][et_pb_row column_structure=&#8221;1_2,1_2&#8243; use_custom_gutter=&#8221;on&#8221; _builder_version=&#8221;4.27.4&#8243; _module_preset=&#8221;default&#8221; positioning=&#8221;absolute&#8221; position_origin_a=&#8221;center_center&#8221; z_index=&#8221;500&#8243; width=&#8221;90%&#8221; max_width=&#8221;1400px&#8221; custom_margin=&#8221;5vh|auto||auto|false|false&#8221; custom_margin_tablet=&#8221;0vh||||false|false&#8221; custom_margin_phone=&#8221;12vh||||false|false&#8221; custom_margin_last_edited=&#8221;on|phone&#8221; global_colors_info=&#8221;{}&#8221;][et_pb_column type=&#8221;1_2&#8243; _builder_version=&#8221;4.16&#8243; _module_preset=&#8221;default&#8221; global_colors_info=&#8221;{}&#8221;][et_pb_text _builder_version=&#8221;4.27.4&#8243; _module_preset=&#8221;default&#8221; text_font=&#8221;Poppins||||||||&#8221; text_text_color=&#8221;#192c4b&#8221; text_line_height=&#8221;1.5em&#8221; header_font=&#8221;Poppins|700||on|||||&#8221; header_text_align=&#8221;left&#8221; header_text_color=&#8221;#044dc3&#8243; header_font_size=&#8221;40px&#8221; header_line_height=&#8221;1.4em&#8221; background_color=&#8221;rgba(255,255,255,0.82)&#8221; module_alignment=&#8221;center&#8221; custom_margin=&#8221;20px||0px||false|false&#8221; custom_margin_tablet=&#8221;0px||||false|false&#8221; custom_margin_phone=&#8221;-30px||0px||false|false&#8221; custom_margin_last_edited=&#8221;on|tablet&#8221; custom_padding=&#8221;40px|50px|60px|50px|false|false&#8221; custom_padding_tablet=&#8221;40px|50px|60px|50px|false|false&#8221; custom_padding_phone=&#8221;30px|20px|50px|20px|false|false&#8221; custom_padding_last_edited=&#8221;on|phone&#8221; text_font_size_tablet=&#8221;14px&#8221; text_font_size_phone=&#8221;13px&#8221; text_font_size_last_edited=&#8221;on|phone&#8221; header_text_align_tablet=&#8221;center&#8221; header_text_align_phone=&#8221;center&#8221; header_text_align_last_edited=&#8221;on|phone&#8221; header_font_size_tablet=&#8221;32px&#8221; header_font_size_phone=&#8221;28px&#8221; header_font_size_last_edited=&#8221;on|tablet&#8221; text_orientation_tablet=&#8221;center&#8221; text_orientation_phone=&#8221;center&#8221; text_orientation_last_edited=&#8221;on|tablet&#8221; text_text_shadow_style=&#8221;preset2&#8243; text_text_shadow_color=&#8221;RGBA(255,255,255,0)&#8221; global_colors_info=&#8221;{}&#8221;]<span style=\"font-size: 15px; font-weight: 600; color: #192c4b;\">See you at AIM Camp?<br \/>\n<\/span><\/p>\n<h1 style=\"margin-top: -10px;\">I WANT TO REGISTER<br \/>\n<\/h1>\n<p><span style=\"font-weight: 400;\">Want to try something new this summer and have lots of fun?<br \/>\nDo you like the idea of AIM Camps? Want to join us? Then all you have to do is fill out our registration form for AIM Camp, and we\u2019ll count you in!<br \/>\n<\/span>[\/et_pb_text][et_pb_button button_url=&#8221;#aim&#8221; button_text=&#8221;Go to application&#8221; button_alignment=&#8221;left&#8221; button_alignment_tablet=&#8221;center&#8221; button_alignment_phone=&#8221;center&#8221; button_alignment_last_edited=&#8221;on|phone&#8221; disabled_on=&#8221;on|on|off&#8221; _builder_version=&#8221;4.27.4&#8243; _module_preset=&#8221;default&#8221; custom_button=&#8221;on&#8221; button_text_size=&#8221;16px&#8221; button_text_color=&#8221;#ffffff&#8221; button_bg_use_color_gradient=&#8221;on&#8221; button_bg_color_gradient_stops=&#8221;#00acde 44%|#08c7ff 100%&#8221; button_border_width=&#8221;0px&#8221; button_border_color=&#8221;#4792f8&#8243; button_font=&#8221;Poppins|600|on|on|||||&#8221; button_use_icon=&#8221;off&#8221; custom_margin=&#8221;-30px|||50px|false|false&#8221; custom_margin_tablet=&#8221;0%||||false|false&#8221; custom_margin_phone=&#8221;&#8221; custom_margin_last_edited=&#8221;on|phone&#8221; custom_padding=&#8221;15px|25px|15px|25px|false|false&#8221; button_bg_color_last_edited=&#8221;off|desktop&#8221; global_colors_info=&#8221;{}&#8221; button_bg_color__hover_enabled=&#8221;on|hover&#8221; button_bg_color__hover=&#8221;&#8221; button_bg_enable_color__hover=&#8221;off&#8221; button_text_color__hover_enabled=&#8221;on|hover&#8221; button_text_color__hover=&#8221;#FFFFFF&#8221; transform_styles__hover_enabled=&#8221;on|hover&#8221; transform_scale__hover_enabled=&#8221;on|hover&#8221; transform_translate__hover_enabled=&#8221;on|desktop&#8221; transform_rotate__hover_enabled=&#8221;on|desktop&#8221; transform_skew__hover_enabled=&#8221;on|desktop&#8221; transform_origin__hover_enabled=&#8221;on|desktop&#8221; button_border_color__hover_enabled=&#8221;on|hover&#8221; button_border_color__hover=&#8221;#0069e1&#8243; button_bg_use_color_gradient__hover=&#8221;on&#8221; button_bg_color_gradient_stops__hover=&#8221;#08c7ff 1%|#08c7ff 100%&#8221;][\/et_pb_button][et_pb_button button_url=&#8221;#aim&#8221; button_text=&#8221;Go to application&#8221; button_alignment=&#8221;center&#8221; button_alignment_tablet=&#8221;center&#8221; button_alignment_phone=&#8221;center&#8221; button_alignment_last_edited=&#8221;on|phone&#8221; disabled_on=&#8221;off|off|on&#8221; _builder_version=&#8221;4.27.4&#8243; _module_preset=&#8221;default&#8221; custom_button=&#8221;on&#8221; button_text_size=&#8221;16px&#8221; button_text_color=&#8221;#ffffff&#8221; button_bg_use_color_gradient=&#8221;on&#8221; button_bg_color_gradient_stops=&#8221;#00acde 44%|#08c7ff 100%&#8221; button_border_width=&#8221;0px&#8221; button_border_color=&#8221;#4792f8&#8243; button_font=&#8221;Poppins|600|on|on|||||&#8221; button_use_icon=&#8221;off&#8221; custom_margin=&#8221;0.5%||||false|false&#8221; custom_margin_tablet=&#8221;-50px||||false|false&#8221; custom_margin_phone=&#8221;-50px||||false|false&#8221; custom_margin_last_edited=&#8221;on|tablet&#8221; custom_padding=&#8221;15px|25px|15px|25px|false|false&#8221; button_bg_color_last_edited=&#8221;off|desktop&#8221; global_colors_info=&#8221;{}&#8221; button_bg_color__hover_enabled=&#8221;on|hover&#8221; button_bg_color__hover=&#8221;&#8221; button_bg_enable_color__hover=&#8221;off&#8221; button_text_color__hover_enabled=&#8221;on|hover&#8221; button_text_color__hover=&#8221;#FFFFFF&#8221; transform_styles__hover_enabled=&#8221;on|hover&#8221; transform_scale__hover_enabled=&#8221;on|hover&#8221; transform_translate__hover_enabled=&#8221;on|desktop&#8221; transform_rotate__hover_enabled=&#8221;on|desktop&#8221; transform_skew__hover_enabled=&#8221;on|desktop&#8221; transform_origin__hover_enabled=&#8221;on|desktop&#8221; button_border_color__hover_enabled=&#8221;on|hover&#8221; button_border_color__hover=&#8221;#0069e1&#8243; button_bg_use_color_gradient__hover=&#8221;on&#8221; button_bg_color_gradient_stops__hover=&#8221;#08c7ff 1%|#08c7ff 100%&#8221;][\/et_pb_button][\/et_pb_column][et_pb_column type=&#8221;1_2&#8243; _builder_version=&#8221;4.27.4&#8243; _module_preset=&#8221;default&#8221; global_colors_info=&#8221;{}&#8221;][\/et_pb_column][\/et_pb_row][\/et_pb_section][et_pb_section fb_built=&#8221;1&#8243; module_id=&#8221;aim&#8221; _builder_version=&#8221;4.27.4&#8243; _module_preset=&#8221;default&#8221; custom_margin=&#8221;2px|||||&#8221; custom_margin_tablet=&#8221;2px||||false|false&#8221; custom_margin_phone=&#8221;-100px||||false|false&#8221; custom_margin_last_edited=&#8221;on|tablet&#8221; custom_padding=&#8221;0px||75px|||&#8221; global_colors_info=&#8221;{}&#8221;][et_pb_row admin_label=&#8221;Project 01&#8243; _builder_version=&#8221;4.27.0&#8243; background_size=&#8221;initial&#8221; background_position=&#8221;top_left&#8221; background_repeat=&#8221;repeat&#8221; width=&#8221;95%&#8221; max_width=&#8221;1080px&#8221; module_alignment=&#8221;center&#8221; custom_margin=&#8221;20px|auto|10px|auto|false|false&#8221; custom_margin_tablet=&#8221;&#8221; custom_margin_phone=&#8221;135px||||false|false&#8221; custom_margin_last_edited=&#8221;on|phone&#8221; custom_padding=&#8221;3px||0px|||&#8221; animation_direction=&#8221;top&#8221; global_colors_info=&#8221;{}&#8221;][et_pb_column type=&#8221;4_4&#8243; _builder_version=&#8221;4.16&#8243; custom_padding=&#8221;||||false|false&#8221; global_colors_info=&#8221;{}&#8221; custom_padding__hover=&#8221;|||&#8221;][et_pb_text _builder_version=&#8221;4.27.4&#8243; _module_preset=&#8221;default&#8221; text_font=&#8221;Poppins|300|||||||&#8221; text_text_color=&#8221;#000000&#8243; text_font_size=&#8221;16px&#8221; text_orientation=&#8221;center&#8221; custom_margin=&#8221;50px||20px||false|false&#8221; hover_enabled=&#8221;0&#8243; custom_css_main_element=&#8221;font-weight:400 !important;||line-height: 1.7em;&#8221; locked=&#8221;off&#8221; global_colors_info=&#8221;{}&#8221; sticky_enabled=&#8221;0&#8243;]&gt;&gt; <a href=\"https:\/\/aimsport.cz\/en\/registration\/abroad\/\" rel=\"noopener\">Registration for AIM Camping in Mallorca and the Dolomites<\/a>[\/et_pb_text][et_pb_text admin_label=&#8221;Title&#8221; _builder_version=&#8221;4.27.4&#8243; text_font=&#8221;||||||||&#8221; header_font=&#8221;||||||||&#8221; header_2_font=&#8221;Poppins|800|||||||&#8221; header_2_text_align=&#8221;center&#8221; header_2_text_color=&#8221;#192c4b&#8221; header_2_font_size=&#8221;40px&#8221; header_2_line_height=&#8221;1.3em&#8221; custom_margin=&#8221;20px||3px||false|false&#8221; custom_margin_tablet=&#8221;||||false|false&#8221; custom_margin_phone=&#8221;0px||||false|false&#8221; custom_margin_last_edited=&#8221;on|tablet&#8221; custom_padding=&#8221;||||false|false&#8221; animation_direction=&#8221;right&#8221; header_2_font_size_tablet=&#8221;40px&#8221; header_2_font_size_phone=&#8221;30px&#8221; header_2_font_size_last_edited=&#8221;on|phone&#8221; global_colors_info=&#8221;{}&#8221;]<\/p>\n<h2>Registration form<\/h2>\n<p>[\/et_pb_text][\/et_pb_column][\/et_pb_row][et_pb_row disabled_on=&#8221;on|on|off&#8221; _builder_version=&#8221;4.27.0&#8243; _module_preset=&#8221;default&#8221; width=&#8221;95%&#8221; max_width=&#8221;1080px&#8221; custom_padding=&#8221;0px||40px||false|&#8221; locked=&#8221;off&#8221; global_colors_info=&#8221;{}&#8221;][et_pb_column type=&#8221;4_4&#8243; _builder_version=&#8221;4.16&#8243; _module_preset=&#8221;default&#8221; global_colors_info=&#8221;{}&#8221;][et_pb_code disabled_on=&#8221;off|off|off&#8221; _builder_version=&#8221;4.27.4&#8243; _module_preset=&#8221;default&#8221; custom_margin=&#8221;20px||||false|false&#8221; global_colors_info=&#8221;{}&#8221;]<iframe loading=\"lazy\" id=\"application-iframe-7a6c7163-6e35-42af-a6b4-96db2e42430e\" width=\"100%\" height=\"3500\" src=\"https:\/\/prihlaskovysystem.cz\/index.php?r=site\/application&#038;project=aim-kempy-2026&#038;source=iframe\" width=\"100%\" height=\"3500\" border=\"0\" style=\"border: none;\" onload=\"window.addEventListener('message',(t=>{if(&#8216;https:\/\/prihlaskovysystem.cz&#8217;!=t.origin)return;if(&#8216;object&#8217;!=typeof t.data)return;if(&#8216;resize&#8217;!=t.data.type)return;const e=document.getElementById(&#8216;application-iframe-7a6c7163-6e35-42af-a6b4-96db2e42430e&#8217;);e.setAttribute(&#8216;width&#8217;,t.data.width),e.setAttribute(&#8216;height&#8217;,t.data.height)}));&#8221;><\/iframe>[\/et_pb_code][\/et_pb_column][\/et_pb_row][et_pb_row disabled_on=&#8221;off|off|on&#8221; _builder_version=&#8221;4.27.0&#8243; _module_preset=&#8221;default&#8221; width=&#8221;95%&#8221; max_width=&#8221;1080px&#8221; custom_padding=&#8221;0px||40px||false|&#8221; locked=&#8221;off&#8221; global_colors_info=&#8221;{}&#8221;][et_pb_column type=&#8221;4_4&#8243; _builder_version=&#8221;4.16&#8243; _module_preset=&#8221;default&#8221; global_colors_info=&#8221;{}&#8221;][et_pb_code disabled_on=&#8221;off|off|off&#8221; _builder_version=&#8221;4.27.4&#8243; _module_preset=&#8221;default&#8221; custom_margin=&#8221;20px||||false|false&#8221; global_colors_info=&#8221;{}&#8221;]<iframe loading=\"lazy\" id=\"application-iframe-7a6c7163-6e35-42af-a6b4-96db2e42430e\" width=\"100%\" height=\"8000\" src=\"https:\/\/prihlaskovysystem.cz\/index.php?r=site\/application&#038;project=aim-kempy-2026&#038;source=iframe\" width=\"100%\" height=\"8000\" border=\"0\" style=\"border: none;\" onload=\"window.addEventListener('message',(t=>{if(&#8216;https:\/\/prihlaskovysystem.cz&#8217;!=t.origin)return;if(&#8216;object&#8217;!=typeof t.data)return;if(&#8216;resize&#8217;!=t.data.type)return;const e=document.getElementById(&#8216;application-iframe-7a6c7163-6e35-42af-a6b4-96db2e42430e&#8217;);e.setAttribute(&#8216;width&#8217;,t.data.width),e.setAttribute(&#8216;height&#8217;,t.data.height)}));&#8221;><\/iframe>[\/et_pb_code][\/et_pb_column][\/et_pb_row][\/et_pb_section]<\/p>\n","protected":false},"excerpt":{"rendered":"<p>See you at AIM Camp? I WANT TO REGISTER Want to try something new this summer and have lots of fun? Do you like the idea of AIM Camps? Want to join us? Then all you have to do is fill out our registration form for AIM Camp, and we\u2019ll count you in! &gt;&gt; Registration [&hellip;]<\/p>\n","protected":false},"author":1,"featured_media":0,"parent":0,"menu_order":0,"comment_status":"closed","ping_status":"closed","template":"","meta":{"_et_pb_use_builder":"on","_et_pb_old_content":"","_et_gb_content_width":"","inline_featured_image":false,"_joinchat":[],"footnotes":""},"dipi_cpt_category":[],"class_list":["post-21248845","page","type-page","status-publish","hentry"],"yoast_head":"<!-- This site is optimized with the Yoast SEO plugin v26.4 - https:\/\/yoast.com\/wordpress\/plugins\/seo\/ -->\n<title>Registration - AIMSPORT.cz<\/title>\n<meta name=\"robots\" content=\"index, follow, max-snippet:-1, max-image-preview:large, max-video-preview:-1\" \/>\n<link rel=\"canonical\" href=\"https:\/\/aimsport.cz\/en\/registration\/\" \/>\n<meta property=\"og:locale\" content=\"en_US\" \/>\n<meta property=\"og:type\" content=\"article\" \/>\n<meta property=\"og:title\" content=\"Registration - AIMSPORT.cz\" \/>\n<meta property=\"og:description\" content=\"See you at AIM Camp? I WANT TO REGISTER Want to try something new this summer and have lots of fun? Do you like the idea of AIM Camps? Want to join us? Then all you have to do is fill out our registration form for AIM Camp, and we\u2019ll count you in! &gt;&gt; Registration [&hellip;]\" \/>\n<meta property=\"og:url\" content=\"https:\/\/aimsport.cz\/en\/registration\/\" \/>\n<meta property=\"og:site_name\" content=\"AIMSPORT.cz\" \/>\n<meta property=\"article:modified_time\" content=\"2025-11-21T18:11:40+00:00\" \/>\n<meta name=\"twitter:card\" content=\"summary_large_image\" \/>\n<meta name=\"twitter:label1\" content=\"Est. reading time\" \/>\n\t<meta name=\"twitter:data1\" content=\"5 minutes\" \/>\n<script type=\"application\/ld+json\" class=\"yoast-schema-graph\">{\"@context\":\"https:\/\/schema.org\",\"@graph\":[{\"@type\":\"WebPage\",\"@id\":\"https:\/\/aimsport.cz\/en\/registration\/\",\"url\":\"https:\/\/aimsport.cz\/en\/registration\/\",\"name\":\"Registration - AIMSPORT.cz\",\"isPartOf\":{\"@id\":\"https:\/\/aimsport.cz\/en\/#website\"},\"datePublished\":\"2021-04-19T14:33:21+00:00\",\"dateModified\":\"2025-11-21T18:11:40+00:00\",\"breadcrumb\":{\"@id\":\"https:\/\/aimsport.cz\/en\/registration\/#breadcrumb\"},\"inLanguage\":\"en-US\",\"potentialAction\":[{\"@type\":\"ReadAction\",\"target\":[\"https:\/\/aimsport.cz\/en\/registration\/\"]}]},{\"@type\":\"BreadcrumbList\",\"@id\":\"https:\/\/aimsport.cz\/en\/registration\/#breadcrumb\",\"itemListElement\":[{\"@type\":\"ListItem\",\"position\":1,\"name\":\"Dom\u016f\",\"item\":\"https:\/\/aimsport.cz\/en\/\"},{\"@type\":\"ListItem\",\"position\":2,\"name\":\"Registration\"}]},{\"@type\":\"WebSite\",\"@id\":\"https:\/\/aimsport.cz\/en\/#website\",\"url\":\"https:\/\/aimsport.cz\/en\/\",\"name\":\"AIMSPORT.cz\",\"description\":\"Sportovn\u00ed kemp pro Va\u0161e d\u011bti\",\"potentialAction\":[{\"@type\":\"SearchAction\",\"target\":{\"@type\":\"EntryPoint\",\"urlTemplate\":\"https:\/\/aimsport.cz\/en\/?s={search_term_string}\"},\"query-input\":{\"@type\":\"PropertyValueSpecification\",\"valueRequired\":true,\"valueName\":\"search_term_string\"}}],\"inLanguage\":\"en-US\"}]}<\/script>\n<!-- \/ Yoast SEO plugin. -->","yoast_head_json":{"title":"Registration - AIMSPORT.cz","robots":{"index":"index","follow":"follow","max-snippet":"max-snippet:-1","max-image-preview":"max-image-preview:large","max-video-preview":"max-video-preview:-1"},"canonical":"https:\/\/aimsport.cz\/en\/registration\/","og_locale":"en_US","og_type":"article","og_title":"Registration - AIMSPORT.cz","og_description":"See you at AIM Camp? I WANT TO REGISTER Want to try something new this summer and have lots of fun? Do you like the idea of AIM Camps? Want to join us? Then all you have to do is fill out our registration form for AIM Camp, and we\u2019ll count you in! &gt;&gt; Registration [&hellip;]","og_url":"https:\/\/aimsport.cz\/en\/registration\/","og_site_name":"AIMSPORT.cz","article_modified_time":"2025-11-21T18:11:40+00:00","twitter_card":"summary_large_image","twitter_misc":{"Est. reading time":"5 minutes"},"schema":{"@context":"https:\/\/schema.org","@graph":[{"@type":"WebPage","@id":"https:\/\/aimsport.cz\/en\/registration\/","url":"https:\/\/aimsport.cz\/en\/registration\/","name":"Registration - AIMSPORT.cz","isPartOf":{"@id":"https:\/\/aimsport.cz\/en\/#website"},"datePublished":"2021-04-19T14:33:21+00:00","dateModified":"2025-11-21T18:11:40+00:00","breadcrumb":{"@id":"https:\/\/aimsport.cz\/en\/registration\/#breadcrumb"},"inLanguage":"en-US","potentialAction":[{"@type":"ReadAction","target":["https:\/\/aimsport.cz\/en\/registration\/"]}]},{"@type":"BreadcrumbList","@id":"https:\/\/aimsport.cz\/en\/registration\/#breadcrumb","itemListElement":[{"@type":"ListItem","position":1,"name":"Dom\u016f","item":"https:\/\/aimsport.cz\/en\/"},{"@type":"ListItem","position":2,"name":"Registration"}]},{"@type":"WebSite","@id":"https:\/\/aimsport.cz\/en\/#website","url":"https:\/\/aimsport.cz\/en\/","name":"AIMSPORT.cz","description":"Sportovn\u00ed kemp pro Va\u0161e d\u011bti","potentialAction":[{"@type":"SearchAction","target":{"@type":"EntryPoint","urlTemplate":"https:\/\/aimsport.cz\/en\/?s={search_term_string}"},"query-input":{"@type":"PropertyValueSpecification","valueRequired":true,"valueName":"search_term_string"}}],"inLanguage":"en-US"}]}},"_links":{"self":[{"href":"https:\/\/aimsport.cz\/en\/wp-json\/wp\/v2\/pages\/21248845","targetHints":{"allow":["GET"]}}],"collection":[{"href":"https:\/\/aimsport.cz\/en\/wp-json\/wp\/v2\/pages"}],"about":[{"href":"https:\/\/aimsport.cz\/en\/wp-json\/wp\/v2\/types\/page"}],"author":[{"embeddable":true,"href":"https:\/\/aimsport.cz\/en\/wp-json\/wp\/v2\/users\/1"}],"replies":[{"embeddable":true,"href":"https:\/\/aimsport.cz\/en\/wp-json\/wp\/v2\/comments?post=21248845"}],"version-history":[{"count":5,"href":"https:\/\/aimsport.cz\/en\/wp-json\/wp\/v2\/pages\/21248845\/revisions"}],"predecessor-version":[{"id":21248862,"href":"https:\/\/aimsport.cz\/en\/wp-json\/wp\/v2\/pages\/21248845\/revisions\/21248862"}],"wp:attachment":[{"href":"https:\/\/aimsport.cz\/en\/wp-json\/wp\/v2\/media?parent=21248845"}],"wp:term":[{"taxonomy":"dipi_cpt_category","embeddable":true,"href":"https:\/\/aimsport.cz\/en\/wp-json\/wp\/v2\/dipi_cpt_category?post=21248845"}],"curies":[{"name":"wp","href":"https:\/\/api.w.org\/{rel}","templated":true}]}}